{"id":4879,"date":"2024-05-01T11:48:24","date_gmt":"2024-05-01T15:48:24","guid":{"rendered":"https:\/\/www.sadc-cae.ca\/?page_id=4879"},"modified":"2024-05-01T11:48:24","modified_gmt":"2024-05-01T15:48:24","slug":"evenements-ou-colloques","status":"publish","type":"page","link":"https:\/\/www.sadc-cae.ca\/fr\/evenements-ou-colloques\/","title":{"rendered":"\u00c9v\u00e8nements ou colloques"},"content":{"rendered":"","protected":false},"excerpt":{"rendered":"","protected":false},"author":2,"featured_media":0,"parent":0,"menu_order":0,"comment_status":"closed","ping_status":"closed","template":"","meta":{"_acf_changed":false,"footnotes":""},"class_list":["post-4879","page","type-page","status-publish","hentry"],"acf":[],"yoast_head":"<!-- This site is optimized with the Yoast SEO plugin v26.8 - https:\/\/yoast.com\/product\/yoast-seo-wordpress\/ -->\n<title>R\u00e9seau des SADC et CAE - \u00c9v\u00e8nements ou colloques<\/title>\n<meta name=\"robots\" content=\"index, follow, max-snippet:-1, max-image-preview:large, max-video-preview:-1\" \/>\n<link rel=\"canonical\" href=\"https:\/\/www.sadc-cae.ca\/fr\/evenements-ou-colloques\/\" \/>\n<meta property=\"og:locale\" content=\"fr_FR\" \/>\n<meta property=\"og:type\" content=\"article\" \/>\n<meta property=\"og:title\" content=\"R\u00e9seau des SADC et CAE - \u00c9v\u00e8nements ou colloques\" \/>\n<meta property=\"og:url\" content=\"https:\/\/www.sadc-cae.ca\/fr\/evenements-ou-colloques\/\" \/>\n<meta property=\"og:site_name\" content=\"R\u00e9seau des SADC et CAE\" \/>\n<meta property=\"og:image\" content=\"https:\/\/www.sadc-cae.ca\/wp-content\/uploads\/2024\/09\/image-partage-sadc.png\" \/>\n\t<meta property=\"og:image:width\" content=\"1408\" \/>\n\t<meta property=\"og:image:height\" content=\"812\" \/>\n\t<meta property=\"og:image:type\" content=\"image\/png\" \/>\n<meta name=\"twitter:card\" content=\"summary_large_image\" \/>\n<script type=\"application\/ld+json\" class=\"yoast-schema-graph\">{\"@context\":\"https:\/\/schema.org\",\"@graph\":[{\"@type\":\"WebPage\",\"@id\":\"https:\/\/www.sadc-cae.ca\/fr\/evenements-ou-colloques\/\",\"url\":\"https:\/\/www.sadc-cae.ca\/fr\/evenements-ou-colloques\/\",\"name\":\"R\u00e9seau des SADC et CAE - \u00c9v\u00e8nements ou colloques\",\"isPartOf\":{\"@id\":\"https:\/\/www.sadc-cae.ca\/en\/#website\"},\"datePublished\":\"2024-05-01T15:48:24+00:00\",\"breadcrumb\":{\"@id\":\"https:\/\/www.sadc-cae.ca\/fr\/evenements-ou-colloques\/#breadcrumb\"},\"inLanguage\":\"fr-FR\",\"potentialAction\":[{\"@type\":\"ReadAction\",\"target\":[\"https:\/\/www.sadc-cae.ca\/fr\/evenements-ou-colloques\/\"]}]},{\"@type\":\"BreadcrumbList\",\"@id\":\"https:\/\/www.sadc-cae.ca\/fr\/evenements-ou-colloques\/#breadcrumb\",\"itemListElement\":[{\"@type\":\"ListItem\",\"position\":1,\"name\":\"Accueil\",\"item\":\"https:\/\/www.sadc-cae.ca\/fr\/\"},{\"@type\":\"ListItem\",\"position\":2,\"name\":\"\u00c9v\u00e8nements ou colloques\"}]},{\"@type\":\"WebSite\",\"@id\":\"https:\/\/www.sadc-cae.ca\/en\/#website\",\"url\":\"https:\/\/www.sadc-cae.ca\/en\/\",\"name\":\"CAE Laprade Trois-Rivi\u00e8res\",\"description\":\"On soutient et finance vos projets locaux\",\"publisher\":{\"@id\":\"https:\/\/www.sadc-cae.ca\/en\/#organization\"},\"potentialAction\":[{\"@type\":\"SearchAction\",\"target\":{\"@type\":\"EntryPoint\",\"urlTemplate\":\"https:\/\/www.sadc-cae.ca\/en\/?s={search_term_string}\"},\"query-input\":{\"@type\":\"PropertyValueSpecification\",\"valueRequired\":true,\"valueName\":\"search_term_string\"}}],\"inLanguage\":\"fr-FR\"},{\"@type\":\"Organization\",\"@id\":\"https:\/\/www.sadc-cae.ca\/en\/#organization\",\"name\":\"CAE Laprade Trois-Rivi\u00e8res Inc.\",\"url\":\"https:\/\/www.sadc-cae.ca\/en\/\",\"logo\":{\"@type\":\"ImageObject\",\"inLanguage\":\"fr-FR\",\"@id\":\"https:\/\/www.sadc-cae.ca\/en\/#\/schema\/logo\/image\/\",\"url\":\"https:\/\/www.sadc-cae.ca\/wp-content\/uploads\/2024\/09\/SADC_Facebook_PhotoProfil.jpg\",\"contentUrl\":\"https:\/\/www.sadc-cae.ca\/wp-content\/uploads\/2024\/09\/SADC_Facebook_PhotoProfil.jpg\",\"width\":640,\"height\":640,\"caption\":\"CAE Laprade Trois-Rivi\u00e8res Inc.\"},\"image\":{\"@id\":\"https:\/\/www.sadc-cae.ca\/en\/#\/schema\/logo\/image\/\"}}]}<\/script>\n<!-- \/ Yoast SEO plugin. -->","yoast_head_json":{"title":"R\u00e9seau des SADC et CAE - \u00c9v\u00e8nements ou colloques","robots":{"index":"index","follow":"follow","max-snippet":"max-snippet:-1","max-image-preview":"max-image-preview:large","max-video-preview":"max-video-preview:-1"},"canonical":"https:\/\/www.sadc-cae.ca\/fr\/evenements-ou-colloques\/","og_locale":"fr_FR","og_type":"article","og_title":"R\u00e9seau des SADC et CAE - \u00c9v\u00e8nements ou colloques","og_url":"https:\/\/www.sadc-cae.ca\/fr\/evenements-ou-colloques\/","og_site_name":"R\u00e9seau des SADC et CAE","og_image":[{"width":1408,"height":812,"url":"https:\/\/www.sadc-cae.ca\/wp-content\/uploads\/2024\/09\/image-partage-sadc.png","type":"image\/png"}],"twitter_card":"summary_large_image","schema":{"@context":"https:\/\/schema.org","@graph":[{"@type":"WebPage","@id":"https:\/\/www.sadc-cae.ca\/fr\/evenements-ou-colloques\/","url":"https:\/\/www.sadc-cae.ca\/fr\/evenements-ou-colloques\/","name":"R\u00e9seau des SADC et CAE - \u00c9v\u00e8nements ou colloques","isPartOf":{"@id":"https:\/\/www.sadc-cae.ca\/en\/#website"},"datePublished":"2024-05-01T15:48:24+00:00","breadcrumb":{"@id":"https:\/\/www.sadc-cae.ca\/fr\/evenements-ou-colloques\/#breadcrumb"},"inLanguage":"fr-FR","potentialAction":[{"@type":"ReadAction","target":["https:\/\/www.sadc-cae.ca\/fr\/evenements-ou-colloques\/"]}]},{"@type":"BreadcrumbList","@id":"https:\/\/www.sadc-cae.ca\/fr\/evenements-ou-colloques\/#breadcrumb","itemListElement":[{"@type":"ListItem","position":1,"name":"Accueil","item":"https:\/\/www.sadc-cae.ca\/fr\/"},{"@type":"ListItem","position":2,"name":"\u00c9v\u00e8nements ou colloques"}]},{"@type":"WebSite","@id":"https:\/\/www.sadc-cae.ca\/en\/#website","url":"https:\/\/www.sadc-cae.ca\/en\/","name":"CAE Laprade Trois-Rivi\u00e8res","description":"On soutient et finance vos projets locaux","publisher":{"@id":"https:\/\/www.sadc-cae.ca\/en\/#organization"},"potentialAction":[{"@type":"SearchAction","target":{"@type":"EntryPoint","urlTemplate":"https:\/\/www.sadc-cae.ca\/en\/?s={search_term_string}"},"query-input":{"@type":"PropertyValueSpecification","valueRequired":true,"valueName":"search_term_string"}}],"inLanguage":"fr-FR"},{"@type":"Organization","@id":"https:\/\/www.sadc-cae.ca\/en\/#organization","name":"CAE Laprade Trois-Rivi\u00e8res Inc.","url":"https:\/\/www.sadc-cae.ca\/en\/","logo":{"@type":"ImageObject","inLanguage":"fr-FR","@id":"https:\/\/www.sadc-cae.ca\/en\/#\/schema\/logo\/image\/","url":"https:\/\/www.sadc-cae.ca\/wp-content\/uploads\/2024\/09\/SADC_Facebook_PhotoProfil.jpg","contentUrl":"https:\/\/www.sadc-cae.ca\/wp-content\/uploads\/2024\/09\/SADC_Facebook_PhotoProfil.jpg","width":640,"height":640,"caption":"CAE Laprade Trois-Rivi\u00e8res Inc."},"image":{"@id":"https:\/\/www.sadc-cae.ca\/en\/#\/schema\/logo\/image\/"}}]}},"_links":{"self":[{"href":"https:\/\/www.sadc-cae.ca\/fr\/wp-json\/wp\/v2\/pages\/4879","targetHints":{"allow":["GET"]}}],"collection":[{"href":"https:\/\/www.sadc-cae.ca\/fr\/wp-json\/wp\/v2\/pages"}],"about":[{"href":"https:\/\/www.sadc-cae.ca\/fr\/wp-json\/wp\/v2\/types\/page"}],"author":[{"embeddable":true,"href":"https:\/\/www.sadc-cae.ca\/fr\/wp-json\/wp\/v2\/users\/2"}],"replies":[{"embeddable":true,"href":"https:\/\/www.sadc-cae.ca\/fr\/wp-json\/wp\/v2\/comments?post=4879"}],"version-history":[{"count":0,"href":"https:\/\/www.sadc-cae.ca\/fr\/wp-json\/wp\/v2\/pages\/4879\/revisions"}],"wp:attachment":[{"href":"https:\/\/www.sadc-cae.ca\/fr\/wp-json\/wp\/v2\/media?parent=4879"}],"curies":[{"name":"wp","href":"https:\/\/api.w.org\/{rel}","templated":true}]}}