{"id":6919,"date":"2024-10-22T10:20:12","date_gmt":"2024-10-22T14:20:12","guid":{"rendered":"https:\/\/www.sadc-cae.ca\/?page_id=6919"},"modified":"2024-10-22T11:47:20","modified_gmt":"2024-10-22T15:47:20","slug":"6919-2","status":"publish","type":"page","link":"https:\/\/www.sadc-cae.ca\/fr\/6919-2\/","title":{"rendered":"RAPPORTS ANNUELS ET PUBLICATIONS"},"content":{"rendered":"<p>Rapports annuels<\/p>\n<p><a href=\"https:\/\/www.sadc-cae.ca\/wp-content\/uploads\/2024\/10\/Rapport-annuel-2023-2024.pdf\">Rapport annuel 2023-2024<\/a><\/p>\n<p><a href=\"https:\/\/www.sadc-cae.ca\/wp-content\/uploads\/2024\/10\/Rapport-annuel-2022-2023.pdf\">Rapport annuel 2022-2023<\/a><\/p>\n<p><a href=\"https:\/\/www.sadc-cae.ca\/wp-content\/uploads\/2024\/10\/Rapport-annuel-2021-2022.pdf\">Rapport annuel 2021-2022<\/a><\/p>\n<p><a href=\"https:\/\/www.sadc-cae.ca\/wp-content\/uploads\/2024\/10\/Rapport-annuel-2020-2021.pdf\">Rapport annuel 2020-2021<\/a><\/p>\n<p>Publications<\/p>\n<p><a href=\"https:\/\/www.sadc-cae.ca\/wp-content\/uploads\/2024\/10\/Reglements-generaux.pdf\">R\u00e8glements g\u00e9n\u00e9raux<\/a><\/p>\n","protected":false},"excerpt":{"rendered":"<p>Rapports annuels Rapport annuel 2023-2024 Rapport annuel 2022-2023 Rapport annuel 2021-2022 Rapport annuel 2020-2021 Publications R\u00e8glements g\u00e9n\u00e9raux<\/p>\n","protected":false},"author":33,"featured_media":0,"parent":0,"menu_order":0,"comment_status":"closed","ping_status":"closed","template":"","meta":{"_acf_changed":false,"footnotes":""},"class_list":["post-6919","page","type-page","status-publish","hentry"],"acf":[],"yoast_head":"<!-- This site is optimized with the Yoast SEO plugin v26.8 - https:\/\/yoast.com\/product\/yoast-seo-wordpress\/ -->\n<title>R\u00e9seau des SADC et CAE - RAPPORTS ANNUELS ET PUBLICATIONS<\/title>\n<meta name=\"robots\" content=\"index, follow, max-snippet:-1, max-image-preview:large, max-video-preview:-1\" \/>\n<link rel=\"canonical\" href=\"https:\/\/www.sadc-cae.ca\/fr\/6919-2\/\" \/>\n<meta property=\"og:locale\" content=\"fr_FR\" \/>\n<meta property=\"og:type\" content=\"article\" \/>\n<meta property=\"og:title\" content=\"R\u00e9seau des SADC et CAE - RAPPORTS ANNUELS ET PUBLICATIONS\" \/>\n<meta property=\"og:description\" content=\"Rapports annuels Rapport annuel 2023-2024 Rapport annuel 2022-2023 Rapport annuel 2021-2022 Rapport annuel 2020-2021 Publications R\u00e8glements g\u00e9n\u00e9raux\" \/>\n<meta property=\"og:url\" content=\"https:\/\/www.sadc-cae.ca\/fr\/6919-2\/\" \/>\n<meta property=\"og:site_name\" content=\"R\u00e9seau des SADC et CAE\" \/>\n<meta property=\"article:modified_time\" content=\"2024-10-22T15:47:20+00:00\" \/>\n<meta property=\"og:image\" content=\"https:\/\/www.sadc-cae.ca\/wp-content\/uploads\/2024\/09\/image-partage-sadc.png\" \/>\n\t<meta property=\"og:image:width\" content=\"1408\" \/>\n\t<meta property=\"og:image:height\" content=\"812\" \/>\n\t<meta property=\"og:image:type\" content=\"image\/png\" \/>\n<meta name=\"twitter:card\" content=\"summary_large_image\" \/>\n<meta name=\"twitter:label1\" content=\"Dur\u00e9e de lecture estim\u00e9e\" \/>\n\t<meta name=\"twitter:data1\" content=\"1 minute\" \/>\n<script type=\"application\/ld+json\" class=\"yoast-schema-graph\">{\"@context\":\"https:\/\/schema.org\",\"@graph\":[{\"@type\":\"WebPage\",\"@id\":\"https:\/\/www.sadc-cae.ca\/fr\/6919-2\/\",\"url\":\"https:\/\/www.sadc-cae.ca\/fr\/6919-2\/\",\"name\":\"R\u00e9seau des SADC et CAE - RAPPORTS ANNUELS ET PUBLICATIONS\",\"isPartOf\":{\"@id\":\"https:\/\/www.sadc-cae.ca\/en\/#website\"},\"datePublished\":\"2024-10-22T14:20:12+00:00\",\"dateModified\":\"2024-10-22T15:47:20+00:00\",\"breadcrumb\":{\"@id\":\"https:\/\/www.sadc-cae.ca\/fr\/6919-2\/#breadcrumb\"},\"inLanguage\":\"fr-FR\",\"potentialAction\":[{\"@type\":\"ReadAction\",\"target\":[\"https:\/\/www.sadc-cae.ca\/fr\/6919-2\/\"]}]},{\"@type\":\"BreadcrumbList\",\"@id\":\"https:\/\/www.sadc-cae.ca\/fr\/6919-2\/#breadcrumb\",\"itemListElement\":[{\"@type\":\"ListItem\",\"position\":1,\"name\":\"Accueil\",\"item\":\"https:\/\/www.sadc-cae.ca\/fr\/\"},{\"@type\":\"ListItem\",\"position\":2,\"name\":\"RAPPORTS ANNUELS ET PUBLICATIONS\"}]},{\"@type\":\"WebSite\",\"@id\":\"https:\/\/www.sadc-cae.ca\/en\/#website\",\"url\":\"https:\/\/www.sadc-cae.ca\/en\/\",\"name\":\"CAE Laprade Trois-Rivi\u00e8res\",\"description\":\"On soutient et finance vos projets locaux\",\"publisher\":{\"@id\":\"https:\/\/www.sadc-cae.ca\/en\/#organization\"},\"potentialAction\":[{\"@type\":\"SearchAction\",\"target\":{\"@type\":\"EntryPoint\",\"urlTemplate\":\"https:\/\/www.sadc-cae.ca\/en\/?s={search_term_string}\"},\"query-input\":{\"@type\":\"PropertyValueSpecification\",\"valueRequired\":true,\"valueName\":\"search_term_string\"}}],\"inLanguage\":\"fr-FR\"},{\"@type\":\"Organization\",\"@id\":\"https:\/\/www.sadc-cae.ca\/en\/#organization\",\"name\":\"CAE Laprade Trois-Rivi\u00e8res Inc.\",\"url\":\"https:\/\/www.sadc-cae.ca\/en\/\",\"logo\":{\"@type\":\"ImageObject\",\"inLanguage\":\"fr-FR\",\"@id\":\"https:\/\/www.sadc-cae.ca\/en\/#\/schema\/logo\/image\/\",\"url\":\"https:\/\/www.sadc-cae.ca\/wp-content\/uploads\/2024\/09\/SADC_Facebook_PhotoProfil.jpg\",\"contentUrl\":\"https:\/\/www.sadc-cae.ca\/wp-content\/uploads\/2024\/09\/SADC_Facebook_PhotoProfil.jpg\",\"width\":640,\"height\":640,\"caption\":\"CAE Laprade Trois-Rivi\u00e8res Inc.\"},\"image\":{\"@id\":\"https:\/\/www.sadc-cae.ca\/en\/#\/schema\/logo\/image\/\"}}]}<\/script>\n<!-- \/ Yoast SEO plugin. -->","yoast_head_json":{"title":"R\u00e9seau des SADC et CAE - RAPPORTS ANNUELS ET PUBLICATIONS","robots":{"index":"index","follow":"follow","max-snippet":"max-snippet:-1","max-image-preview":"max-image-preview:large","max-video-preview":"max-video-preview:-1"},"canonical":"https:\/\/www.sadc-cae.ca\/fr\/6919-2\/","og_locale":"fr_FR","og_type":"article","og_title":"R\u00e9seau des SADC et CAE - RAPPORTS ANNUELS ET PUBLICATIONS","og_description":"Rapports annuels Rapport annuel 2023-2024 Rapport annuel 2022-2023 Rapport annuel 2021-2022 Rapport annuel 2020-2021 Publications R\u00e8glements g\u00e9n\u00e9raux","og_url":"https:\/\/www.sadc-cae.ca\/fr\/6919-2\/","og_site_name":"R\u00e9seau des SADC et CAE","article_modified_time":"2024-10-22T15:47:20+00:00","og_image":[{"width":1408,"height":812,"url":"https:\/\/www.sadc-cae.ca\/wp-content\/uploads\/2024\/09\/image-partage-sadc.png","type":"image\/png"}],"twitter_card":"summary_large_image","twitter_misc":{"Dur\u00e9e de lecture estim\u00e9e":"1 minute"},"schema":{"@context":"https:\/\/schema.org","@graph":[{"@type":"WebPage","@id":"https:\/\/www.sadc-cae.ca\/fr\/6919-2\/","url":"https:\/\/www.sadc-cae.ca\/fr\/6919-2\/","name":"R\u00e9seau des SADC et CAE - RAPPORTS ANNUELS ET PUBLICATIONS","isPartOf":{"@id":"https:\/\/www.sadc-cae.ca\/en\/#website"},"datePublished":"2024-10-22T14:20:12+00:00","dateModified":"2024-10-22T15:47:20+00:00","breadcrumb":{"@id":"https:\/\/www.sadc-cae.ca\/fr\/6919-2\/#breadcrumb"},"inLanguage":"fr-FR","potentialAction":[{"@type":"ReadAction","target":["https:\/\/www.sadc-cae.ca\/fr\/6919-2\/"]}]},{"@type":"BreadcrumbList","@id":"https:\/\/www.sadc-cae.ca\/fr\/6919-2\/#breadcrumb","itemListElement":[{"@type":"ListItem","position":1,"name":"Accueil","item":"https:\/\/www.sadc-cae.ca\/fr\/"},{"@type":"ListItem","position":2,"name":"RAPPORTS ANNUELS ET PUBLICATIONS"}]},{"@type":"WebSite","@id":"https:\/\/www.sadc-cae.ca\/en\/#website","url":"https:\/\/www.sadc-cae.ca\/en\/","name":"CAE Laprade Trois-Rivi\u00e8res","description":"On soutient et finance vos projets locaux","publisher":{"@id":"https:\/\/www.sadc-cae.ca\/en\/#organization"},"potentialAction":[{"@type":"SearchAction","target":{"@type":"EntryPoint","urlTemplate":"https:\/\/www.sadc-cae.ca\/en\/?s={search_term_string}"},"query-input":{"@type":"PropertyValueSpecification","valueRequired":true,"valueName":"search_term_string"}}],"inLanguage":"fr-FR"},{"@type":"Organization","@id":"https:\/\/www.sadc-cae.ca\/en\/#organization","name":"CAE Laprade Trois-Rivi\u00e8res Inc.","url":"https:\/\/www.sadc-cae.ca\/en\/","logo":{"@type":"ImageObject","inLanguage":"fr-FR","@id":"https:\/\/www.sadc-cae.ca\/en\/#\/schema\/logo\/image\/","url":"https:\/\/www.sadc-cae.ca\/wp-content\/uploads\/2024\/09\/SADC_Facebook_PhotoProfil.jpg","contentUrl":"https:\/\/www.sadc-cae.ca\/wp-content\/uploads\/2024\/09\/SADC_Facebook_PhotoProfil.jpg","width":640,"height":640,"caption":"CAE Laprade Trois-Rivi\u00e8res Inc."},"image":{"@id":"https:\/\/www.sadc-cae.ca\/en\/#\/schema\/logo\/image\/"}}]}},"_links":{"self":[{"href":"https:\/\/www.sadc-cae.ca\/fr\/wp-json\/wp\/v2\/pages\/6919","targetHints":{"allow":["GET"]}}],"collection":[{"href":"https:\/\/www.sadc-cae.ca\/fr\/wp-json\/wp\/v2\/pages"}],"about":[{"href":"https:\/\/www.sadc-cae.ca\/fr\/wp-json\/wp\/v2\/types\/page"}],"author":[{"embeddable":true,"href":"https:\/\/www.sadc-cae.ca\/fr\/wp-json\/wp\/v2\/users\/33"}],"replies":[{"embeddable":true,"href":"https:\/\/www.sadc-cae.ca\/fr\/wp-json\/wp\/v2\/comments?post=6919"}],"version-history":[{"count":0,"href":"https:\/\/www.sadc-cae.ca\/fr\/wp-json\/wp\/v2\/pages\/6919\/revisions"}],"wp:attachment":[{"href":"https:\/\/www.sadc-cae.ca\/fr\/wp-json\/wp\/v2\/media?parent=6919"}],"curies":[{"name":"wp","href":"https:\/\/api.w.org\/{rel}","templated":true}]}}